{"id":180,"date":"2018-10-15T16:23:33","date_gmt":"2018-10-15T16:23:33","guid":{"rendered":"http:\/\/kocoonmassage.com\/?page_id=180"},"modified":"2018-10-17T09:44:52","modified_gmt":"2018-10-17T09:44:52","slug":"competicion","status":"publish","type":"page","link":"https:\/\/kocoonmassage.com\/index.php\/competicion\/","title":{"rendered":"Competicion"},"content":{"rendered":"<div class=\"fusion-fullwidth fullwidth-box nonhundred-percent-fullwidth non-hundred-percent-height-scrolling\"  style='background-color: rgba(255,255,255,0);background-position: center center;background-repeat: no-repeat;padding-top:0px;padding-right:0px;padding-bottom:0px;padding-left:0px;'><div class=\"fusion-builder-row fusion-row \"><div  class=\"fusion-layout-column fusion_builder_column fusion_builder_column_1_3  fusion-one-third fusion-column-first 1_3\"  style='margin-top:0px;margin-bottom:20px;width:33.33%;width:calc(33.33% - ( ( 4% ) * 0.3333 ) );margin-right: 4%;'>\n\t\t\t\t\t<div class=\"fusion-column-wrapper\" style=\"padding: 0px 0px 0px 0px;background-position:left top;background-repeat:no-repeat;-webkit-background-size:cover;-moz-background-size:cover;-o-background-size:cover;background-size:cover;\"  data-bg-url=\"\">\n\t\t\t\t\t\t<div class=\"imageframe-align-center\"><span class=\"fusion-imageframe imageframe-none imageframe-1 hover-type-none\"><img loading=\"lazy\" src=\"https:\/\/kocoonmassage.com\/wp-content\/uploads\/2018\/10\/Captura-de-pantalla-2018-10-06-a-las-19.58.37-200x113.png\" width=\"200\" height=\"113\" alt=\"\" title=\"Captura de pantalla 2018-10-06 a las 19.58.37\" class=\"img-responsive wp-image-139\" srcset=\"https:\/\/kocoonmassage.com\/wp-content\/uploads\/2018\/10\/Captura-de-pantalla-2018-10-06-a-las-19.58.37-200x113.png 200w, https:\/\/kocoonmassage.com\/wp-content\/uploads\/2018\/10\/Captura-de-pantalla-2018-10-06-a-las-19.58.37-400x226.png 400w, https:\/\/kocoonmassage.com\/wp-content\/uploads\/2018\/10\/Captura-de-pantalla-2018-10-06-a-las-19.58.37.png 420w\" sizes=\"(max-width: 800px) 100vw, 400px\" \/><\/span><\/div><div class=\"fusion-clearfix\"><\/div>\n\n\t\t\t\t\t<\/div>\n\t\t\t\t<\/div><div  class=\"fusion-layout-column fusion_builder_column fusion_builder_column_2_3  fusion-two-third fusion-column-last 2_3\"  style='margin-top:0px;margin-bottom:20px;width:66.66%;width:calc(66.66% - ( ( 4% ) * 0.6666 ) );'>\n\t\t\t\t\t<div class=\"fusion-column-wrapper\" style=\"padding: 0px 0px 0px 0px;background-position:left top;background-repeat:no-repeat;-webkit-background-size:cover;-moz-background-size:cover;-o-background-size:cover;background-size:cover;\"  data-bg-url=\"\">\n\t\t\t\t\t\t<div class=\"fusion-text\"><h2>Esta t\u00e9cnica es adecuada para aficionados y profesionales y puede ser <strong>pre y post-competici\u00f3n<\/strong>.<\/h2>\n<h2>El masaje se puede hacer en los d\u00edas de entrenamiento o en d\u00edas alternos. Despu\u00e9s de la competici\u00f3n sirve para relajar los m\u00fasculos que se sobrecargan.<\/h2>\n<h2><b>\u00bfCu\u00e1les son los<\/b><b> beneficios del masaje pre y post-competici\u00f3n? <\/b><\/h2>\n<h2>Entre los muchos beneficios de esta t\u00e9cnica, podemos destacar los siguientes:<\/h2>\n<ul>\n<li>\n<h2>Prepara los m\u00fasculos para el ejercicio<\/h2>\n<\/li>\n<li>\n<h2>Aumenta la circulaci\u00f3n de la sangre<\/h2>\n<\/li>\n<li>\n<h2>Elimina las toxinas de los m\u00fasculos<\/h2>\n<\/li>\n<li>\n<h2>Previene lesiones de m\u00fasculos y tendones<\/h2>\n<\/li>\n<li>\n<h2>Tonifica el tejido muscular<\/h2>\n<\/li>\n<li>\n<h2>Estimula la producci\u00f3n de adrenalina<\/h2>\n<\/li>\n<li>\n<h2>Alivia la tensi\u00f3n post-entrenamiento<\/h2>\n<\/li>\n<\/ul>\n<\/div><div class=\"fusion-clearfix\"><\/div>\n\n\t\t\t\t\t<\/div>\n\t\t\t\t<\/div><\/div><\/div>\n","protected":false},"excerpt":{"rendered":"","protected":false},"author":1,"featured_media":0,"parent":0,"menu_order":0,"comment_status":"closed","ping_status":"closed","template":"","meta":{"_mi_skip_tracking":false,"_monsterinsights_sitenote_active":false,"_monsterinsights_sitenote_note":"","_monsterinsights_sitenote_category":0},"_links":{"self":[{"href":"https:\/\/kocoonmassage.com\/index.php\/wp-json\/wp\/v2\/pages\/180"}],"collection":[{"href":"https:\/\/kocoonmassage.com\/index.php\/wp-json\/wp\/v2\/pages"}],"about":[{"href":"https:\/\/kocoonmassage.com\/index.php\/wp-json\/wp\/v2\/types\/page"}],"author":[{"embeddable":true,"href":"https:\/\/kocoonmassage.com\/index.php\/wp-json\/wp\/v2\/users\/1"}],"replies":[{"embeddable":true,"href":"https:\/\/kocoonmassage.com\/index.php\/wp-json\/wp\/v2\/comments?post=180"}],"version-history":[{"count":5,"href":"https:\/\/kocoonmassage.com\/index.php\/wp-json\/wp\/v2\/pages\/180\/revisions"}],"predecessor-version":[{"id":218,"href":"https:\/\/kocoonmassage.com\/index.php\/wp-json\/wp\/v2\/pages\/180\/revisions\/218"}],"wp:attachment":[{"href":"https:\/\/kocoonmassage.com\/index.php\/wp-json\/wp\/v2\/media?parent=180"}],"curies":[{"name":"wp","href":"https:\/\/api.w.org\/{rel}","templated":true}]}}