{"id":73,"date":"2018-10-02T15:27:00","date_gmt":"2018-10-02T15:27:00","guid":{"rendered":"http:\/\/kocoonmassage.com\/?page_id=73"},"modified":"2018-10-17T09:51:43","modified_gmt":"2018-10-17T09:51:43","slug":"relajante","status":"publish","type":"page","link":"https:\/\/kocoonmassage.com\/index.php\/relajante\/","title":{"rendered":"Relajante"},"content":{"rendered":"<div class=\"fusion-fullwidth fullwidth-box nonhundred-percent-fullwidth non-hundred-percent-height-scrolling\"  style='background-color: rgba(255,255,255,0);background-position: center center;background-repeat: no-repeat;padding-top:0px;padding-right:0px;padding-bottom:0px;padding-left:0px;'><div class=\"fusion-builder-row fusion-row \"><div  class=\"fusion-layout-column fusion_builder_column fusion_builder_column_1_3  fusion-one-third fusion-column-first 1_3\"  style='margin-top:0px;margin-bottom:20px;width:33.33%;width:calc(33.33% - ( ( 4% ) * 0.3333 ) );margin-right: 4%;'>\n\t\t\t\t\t<div class=\"fusion-column-wrapper\" style=\"padding: 0px 0px 0px 0px;background-position:left top;background-repeat:no-repeat;-webkit-background-size:cover;-moz-background-size:cover;-o-background-size:cover;background-size:cover;\"  data-bg-url=\"\">\n\t\t\t\t\t\t<div class=\"fusion-column-content-centered\"><div class=\"fusion-column-content\"><div class=\"imageframe-align-center\"><span class=\"fusion-imageframe imageframe-none imageframe-1 hover-type-none\"><img loading=\"lazy\" src=\"https:\/\/kocoonmassage.com\/wp-content\/uploads\/2018\/10\/IMG_3045-1-200x112.jpg\" width=\"200\" height=\"112\" alt=\"\" title=\"IMG_3045\" class=\"img-responsive wp-image-142\" srcset=\"https:\/\/kocoonmassage.com\/wp-content\/uploads\/2018\/10\/IMG_3045-1-200x112.jpg 200w, https:\/\/kocoonmassage.com\/wp-content\/uploads\/2018\/10\/IMG_3045-1-400x223.jpg 400w, https:\/\/kocoonmassage.com\/wp-content\/uploads\/2018\/10\/IMG_3045-1-600x335.jpg 600w, https:\/\/kocoonmassage.com\/wp-content\/uploads\/2018\/10\/IMG_3045-1-800x447.jpg 800w, https:\/\/kocoonmassage.com\/wp-content\/uploads\/2018\/10\/IMG_3045-1-1200x670.jpg 1200w\" sizes=\"(max-width: 800px) 100vw, 400px\" \/><\/span><\/div><\/div><\/div><div class=\"fusion-clearfix\"><\/div>\n\n\t\t\t\t\t<\/div>\n\t\t\t\t<\/div><div  class=\"fusion-layout-column fusion_builder_column fusion_builder_column_2_3  fusion-two-third fusion-column-last 2_3\"  style='margin-top:0px;margin-bottom:20px;width:66.66%;width:calc(66.66% - ( ( 4% ) * 0.6666 ) );'>\n\t\t\t\t\t<div class=\"fusion-column-wrapper\" style=\"padding: 0px 0px 0px 0px;background-position:left top;background-repeat:no-repeat;-webkit-background-size:cover;-moz-background-size:cover;-o-background-size:cover;background-size:cover;\"  data-bg-url=\"\">\n\t\t\t\t\t\t<div class=\"fusion-text\"><h2>En aquellos d\u00edas en que est\u00e1s <strong>agotado <\/strong>y te duelen todas las parte de tu cuerpo, \u00bfqu\u00e9 mejor que un buen <strong>masaje <\/strong>para relajarte y sentirte mucho mejor? A todos\/as nos encanta que nos den un buen masaje ya sea en la espalda, en el cuello, en los pies, en la cara&#8230; Sea donde sea<\/h2>\n<h2><strong>Relajan <\/strong>los m\u00fasculos y descargar as\u00ed la tensi\u00f3n que se acumula debido al esfuerzo f\u00edsico. Los masajes son una forma ideal de recompensar un cuerpo cansado, este es el beneficio m\u00e1s atribuido a esta pr\u00e1ctica.<\/h2>\n<div class=\"apartado\">\n<h2>Mejoran el <strong>sue\u00f1o<\/strong>, ya que parece ser que aumentan las ondas deltas del cerebro, que est\u00e1n relacionadas con el sue\u00f1o profundo. As\u00ed que si os cuesta dormir, ya sab\u00e9is un truco para caer rendidos en la cama.<\/h2>\n<h4><\/h4>\n<div class=\"apartado\">\n<h4 class=\"orden\"><\/h4>\n<\/div>\n<\/div>\n<\/div><div class=\"fusion-clearfix\"><\/div>\n\n\t\t\t\t\t<\/div>\n\t\t\t\t<\/div><\/div><\/div>\n","protected":false},"excerpt":{"rendered":"","protected":false},"author":1,"featured_media":0,"parent":0,"menu_order":0,"comment_status":"closed","ping_status":"closed","template":"","meta":{"_mi_skip_tracking":false,"_monsterinsights_sitenote_active":false,"_monsterinsights_sitenote_note":"","_monsterinsights_sitenote_category":0},"_links":{"self":[{"href":"https:\/\/kocoonmassage.com\/index.php\/wp-json\/wp\/v2\/pages\/73"}],"collection":[{"href":"https:\/\/kocoonmassage.com\/index.php\/wp-json\/wp\/v2\/pages"}],"about":[{"href":"https:\/\/kocoonmassage.com\/index.php\/wp-json\/wp\/v2\/types\/page"}],"author":[{"embeddable":true,"href":"https:\/\/kocoonmassage.com\/index.php\/wp-json\/wp\/v2\/users\/1"}],"replies":[{"embeddable":true,"href":"https:\/\/kocoonmassage.com\/index.php\/wp-json\/wp\/v2\/comments?post=73"}],"version-history":[{"count":13,"href":"https:\/\/kocoonmassage.com\/index.php\/wp-json\/wp\/v2\/pages\/73\/revisions"}],"predecessor-version":[{"id":221,"href":"https:\/\/kocoonmassage.com\/index.php\/wp-json\/wp\/v2\/pages\/73\/revisions\/221"}],"wp:attachment":[{"href":"https:\/\/kocoonmassage.com\/index.php\/wp-json\/wp\/v2\/media?parent=73"}],"curies":[{"name":"wp","href":"https:\/\/api.w.org\/{rel}","templated":true}]}}