{"id":75,"date":"2018-10-02T15:26:19","date_gmt":"2018-10-02T15:26:19","guid":{"rendered":"http:\/\/kocoonmassage.com\/?page_id=75"},"modified":"2018-10-15T19:17:11","modified_gmt":"2018-10-15T19:17:11","slug":"kinesiotaping","status":"publish","type":"page","link":"https:\/\/kocoonmassage.com\/index.php\/kinesiotaping\/","title":{"rendered":"Kinesiotaping"},"content":{"rendered":"<div class=\"fusion-fullwidth fullwidth-box nonhundred-percent-fullwidth non-hundred-percent-height-scrolling\"  style='background-color: rgba(255,255,255,0);background-position: center center;background-repeat: no-repeat;padding-top:0px;padding-right:0px;padding-bottom:0px;padding-left:0px;'><div class=\"fusion-builder-row fusion-row \"><div  class=\"fusion-layout-column fusion_builder_column fusion_builder_column_1_3  fusion-one-third fusion-column-first 1_3\"  style='margin-top:0px;margin-bottom:20px;width:33.33%;width:calc(33.33% - ( ( 4% ) * 0.3333 ) );margin-right: 4%;'>\n\t\t\t\t\t<div class=\"fusion-column-wrapper\" style=\"padding: 0px 0px 0px 0px;background-position:left top;background-repeat:no-repeat;-webkit-background-size:cover;-moz-background-size:cover;-o-background-size:cover;background-size:cover;\"  data-bg-url=\"\">\n\t\t\t\t\t\t<div class=\"imageframe-align-center\"><span class=\"fusion-imageframe imageframe-none imageframe-1 hover-type-none\"><img loading=\"lazy\" src=\"https:\/\/kocoonmassage.com\/wp-content\/uploads\/2018\/10\/kine-pies-200x249.png\" width=\"200\" height=\"249\" alt=\"\" title=\"kine pies\" class=\"img-responsive wp-image-207\" srcset=\"https:\/\/kocoonmassage.com\/wp-content\/uploads\/2018\/10\/kine-pies-200x249.png 200w, https:\/\/kocoonmassage.com\/wp-content\/uploads\/2018\/10\/kine-pies-400x498.png 400w, https:\/\/kocoonmassage.com\/wp-content\/uploads\/2018\/10\/kine-pies.png 575w\" sizes=\"(max-width: 800px) 100vw, 400px\" \/><\/span><\/div><div class=\"fusion-clearfix\"><\/div>\n\n\t\t\t\t\t<\/div>\n\t\t\t\t<\/div><div  class=\"fusion-layout-column fusion_builder_column fusion_builder_column_2_3  fusion-two-third fusion-column-last 2_3\"  style='margin-top:0px;margin-bottom:20px;width:66.66%;width:calc(66.66% - ( ( 4% ) * 0.6666 ) );'>\n\t\t\t\t\t<div class=\"fusion-column-wrapper\" style=\"padding: 0px 0px 0px 0px;background-position:left top;background-repeat:no-repeat;-webkit-background-size:cover;-moz-background-size:cover;-o-background-size:cover;background-size:cover;\"  data-bg-url=\"\">\n\t\t\t\t\t\t<div class=\"fusion-text\"><h2>Estas cintas adhesivas se aplican sobre la piel en algunas partes del cuerpo siguiendo unas reglas espec\u00edficas para activar el proceso de nuestro cuerpo hacia la autocuraci\u00f3n y relajar los m\u00fasculos y la fascia.<\/h2>\n<h2>Gracias a las cintas se estimulan directamente los receptores y se activar los m\u00fasculos. En este caso el vendaje act\u00faa como un masaje constante: favorece la microcirculaci\u00f3n (intercambio de nutrientes y transporte celular a trav\u00e9s de los capilares) y el drenaje linf\u00e1tico, libera las adherencias de la fascia y mejora la movilidad de los m\u00fasculos y las articulaciones.<\/h2>\n<\/div><div class=\"fusion-clearfix\"><\/div>\n\n\t\t\t\t\t<\/div>\n\t\t\t\t<\/div><\/div><\/div>\n","protected":false},"excerpt":{"rendered":"","protected":false},"author":1,"featured_media":0,"parent":0,"menu_order":0,"comment_status":"closed","ping_status":"closed","template":"","meta":{"_mi_skip_tracking":false,"_monsterinsights_sitenote_active":false,"_monsterinsights_sitenote_note":"","_monsterinsights_sitenote_category":0},"_links":{"self":[{"href":"https:\/\/kocoonmassage.com\/index.php\/wp-json\/wp\/v2\/pages\/75"}],"collection":[{"href":"https:\/\/kocoonmassage.com\/index.php\/wp-json\/wp\/v2\/pages"}],"about":[{"href":"https:\/\/kocoonmassage.com\/index.php\/wp-json\/wp\/v2\/types\/page"}],"author":[{"embeddable":true,"href":"https:\/\/kocoonmassage.com\/index.php\/wp-json\/wp\/v2\/users\/1"}],"replies":[{"embeddable":true,"href":"https:\/\/kocoonmassage.com\/index.php\/wp-json\/wp\/v2\/comments?post=75"}],"version-history":[{"count":5,"href":"https:\/\/kocoonmassage.com\/index.php\/wp-json\/wp\/v2\/pages\/75\/revisions"}],"predecessor-version":[{"id":208,"href":"https:\/\/kocoonmassage.com\/index.php\/wp-json\/wp\/v2\/pages\/75\/revisions\/208"}],"wp:attachment":[{"href":"https:\/\/kocoonmassage.com\/index.php\/wp-json\/wp\/v2\/media?parent=75"}],"curies":[{"name":"wp","href":"https:\/\/api.w.org\/{rel}","templated":true}]}}