{"id":81,"date":"2018-10-02T15:25:59","date_gmt":"2018-10-02T15:25:59","guid":{"rendered":"http:\/\/kocoonmassage.com\/?page_id=81"},"modified":"2018-10-15T17:17:36","modified_gmt":"2018-10-15T17:17:36","slug":"deportivo","status":"publish","type":"page","link":"https:\/\/kocoonmassage.com\/index.php\/deportivo\/","title":{"rendered":"Deportivo"},"content":{"rendered":"<div class=\"fusion-fullwidth fullwidth-box nonhundred-percent-fullwidth non-hundred-percent-height-scrolling\"  style='background-color: rgba(255,255,255,0);background-position: center center;background-repeat: no-repeat;padding-top:0px;padding-right:0px;padding-bottom:0px;padding-left:0px;'><div class=\"fusion-builder-row fusion-row \"><div  class=\"fusion-layout-column fusion_builder_column fusion_builder_column_1_3  fusion-one-third fusion-column-first 1_3\"  style='margin-top:0px;margin-bottom:20px;width:33.33%;width:calc(33.33% - ( ( 4% ) * 0.3333 ) );margin-right: 4%;'>\n\t\t\t\t\t<div class=\"fusion-column-wrapper\" style=\"padding: 0px 0px 0px 0px;background-position:left top;background-repeat:no-repeat;-webkit-background-size:cover;-moz-background-size:cover;-o-background-size:cover;background-size:cover;\"  data-bg-url=\"\">\n\t\t\t\t\t\t<div class=\"imageframe-align-center\"><span class=\"fusion-imageframe imageframe-none imageframe-1 hover-type-none\"><img loading=\"lazy\" src=\"https:\/\/kocoonmassage.com\/wp-content\/uploads\/2018\/10\/Captura-de-pantalla-2018-10-06-a-las-22.30.38-200x111.png\" width=\"200\" height=\"111\" alt=\"\" title=\"Captura de pantalla 2018-10-06 a las 22.30.38\" class=\"img-responsive wp-image-137\" srcset=\"https:\/\/kocoonmassage.com\/wp-content\/uploads\/2018\/10\/Captura-de-pantalla-2018-10-06-a-las-22.30.38-200x111.png 200w, https:\/\/kocoonmassage.com\/wp-content\/uploads\/2018\/10\/Captura-de-pantalla-2018-10-06-a-las-22.30.38-400x222.png 400w, https:\/\/kocoonmassage.com\/wp-content\/uploads\/2018\/10\/Captura-de-pantalla-2018-10-06-a-las-22.30.38.png 488w\" sizes=\"(max-width: 800px) 100vw, 400px\" \/><\/span><\/div><div class=\"fusion-clearfix\"><\/div>\n\n\t\t\t\t\t<\/div>\n\t\t\t\t<\/div><div  class=\"fusion-layout-column fusion_builder_column fusion_builder_column_2_3  fusion-two-third fusion-column-last 2_3\"  style='margin-top:0px;margin-bottom:20px;width:66.66%;width:calc(66.66% - ( ( 4% ) * 0.6666 ) );'>\n\t\t\t\t\t<div class=\"fusion-column-wrapper\" style=\"padding: 0px 0px 0px 0px;background-position:left top;background-repeat:no-repeat;-webkit-background-size:cover;-moz-background-size:cover;-o-background-size:cover;background-size:cover;\"  data-bg-url=\"\">\n\t\t\t\t\t\t<div class=\"fusion-text\"><h2>A diferencia de un masaje relajante, el masaje deportivo es una gran herramienta para <strong>preparar y recuperar la musculatura de quien practica ejercicio f\u00edsico<\/strong>.<\/h2>\n<h2>Para aquellos que practican actividad f\u00edsica es esencial saber m\u00e1s sobre lo que es el masaje deportivo, porque <strong>su rendimiento aumentar\u00e1 considerablemente<\/strong>\u00a0y si quieren maximizar sus resultados en el deporte, lo ideal es un masaje deportivo debido a que sus <strong>movimientos son m\u00e1s fuertes y m\u00e1s r\u00e1pidos para promover una mejor circulaci\u00f3n de la sangre<\/strong>, dejando a la persona \u201cm\u00e1s tensionada y preparada\u201d antes del ejercicio, y <strong>despu\u00e9s del ejercicio eliminar \u00e1cido l\u00e1ctico<\/strong>, que es responsable del <b><i>dolor muscular de aparici\u00f3n tard\u00eda<\/i><\/b>, es decir, de las agujetas del d\u00eda siguiente.<\/h2>\n<\/div><div class=\"fusion-clearfix\"><\/div>\n\n\t\t\t\t\t<\/div>\n\t\t\t\t<\/div><\/div><\/div>\n","protected":false},"excerpt":{"rendered":"","protected":false},"author":1,"featured_media":0,"parent":0,"menu_order":0,"comment_status":"closed","ping_status":"closed","template":"","meta":{"_mi_skip_tracking":false,"_monsterinsights_sitenote_active":false,"_monsterinsights_sitenote_note":"","_monsterinsights_sitenote_category":0},"_links":{"self":[{"href":"https:\/\/kocoonmassage.com\/index.php\/wp-json\/wp\/v2\/pages\/81"}],"collection":[{"href":"https:\/\/kocoonmassage.com\/index.php\/wp-json\/wp\/v2\/pages"}],"about":[{"href":"https:\/\/kocoonmassage.com\/index.php\/wp-json\/wp\/v2\/types\/page"}],"author":[{"embeddable":true,"href":"https:\/\/kocoonmassage.com\/index.php\/wp-json\/wp\/v2\/users\/1"}],"replies":[{"embeddable":true,"href":"https:\/\/kocoonmassage.com\/index.php\/wp-json\/wp\/v2\/comments?post=81"}],"version-history":[{"count":3,"href":"https:\/\/kocoonmassage.com\/index.php\/wp-json\/wp\/v2\/pages\/81\/revisions"}],"predecessor-version":[{"id":190,"href":"https:\/\/kocoonmassage.com\/index.php\/wp-json\/wp\/v2\/pages\/81\/revisions\/190"}],"wp:attachment":[{"href":"https:\/\/kocoonmassage.com\/index.php\/wp-json\/wp\/v2\/media?parent=81"}],"curies":[{"name":"wp","href":"https:\/\/api.w.org\/{rel}","templated":true}]}}